{"id":192,"date":"2023-05-02T13:40:27","date_gmt":"2023-05-02T11:40:27","guid":{"rendered":"https:\/\/www.agresnatura.com\/?page_id=192"},"modified":"2023-07-31T12:20:57","modified_gmt":"2023-07-31T10:20:57","slug":"lentorn","status":"publish","type":"page","link":"https:\/\/www.agresnatura.com\/ca\/lentorn\/","title":{"rendered":"L&#8217;entorn"},"content":{"rendered":"<p>[vc_row top_padding=&#8221;60&#8243;][vc_column width=&#8221;1\/6&#8243;][\/vc_column][vc_column width=&#8221;2\/3&#8243;]<h2 class=\"headline font-special fontsize-xl fontweight-inherit lh-15 align-center transform-inherit \" style=\"margin: 0 0 20px 0; color: #333333;\">Agres \u00e9s una joia per als amants del turisme rural<\/h2><div class=\"headline font-inherit fontsize-m fontweight-inherit lh-15 align-center transform-inherit \" style=\"margin: 0 0 50px 0; color: #333333;\">La peculiaritat del seu nucli urb\u00e0 amb els seus empinats carrers i les oportunitats que ofereix als amants del senderisme, el convertixen en una parada obligada dins les rutes pels municipis de la Serra Mariola.<\/div>[\/vc_column][vc_column width=&#8221;1\/6&#8243;][\/vc_column][\/vc_row][vc_row type=&#8221;full_width_section&#8221;][vc_column width=&#8221;1\/2&#8243;]<div class=\"single_image wpb_content_element align-left    \" data-animation=\"none\" data-delay=\"0\"><a href=\"https:\/\/www.agresnatura.com\/wp-content\/uploads\/2023\/05\/font-enmig-agres.jpg\" class=\"prettyPhoto\" rel=\"prettyPhoto[image]\"><img loading=\"lazy\" decoding=\"async\" width=\"1200\" height=\"900\" src=\"https:\/\/www.agresnatura.com\/wp-content\/uploads\/2023\/05\/font-enmig-agres.jpg\" class=\"attachment-full\" alt=\"\" title=\"font-enmig-agres\" srcset=\"https:\/\/www.agresnatura.com\/wp-content\/uploads\/2023\/05\/font-enmig-agres.jpg 1200w, https:\/\/www.agresnatura.com\/wp-content\/uploads\/2023\/05\/font-enmig-agres-600x450.jpg 600w, https:\/\/www.agresnatura.com\/wp-content\/uploads\/2023\/05\/font-enmig-agres-300x225.jpg 300w, https:\/\/www.agresnatura.com\/wp-content\/uploads\/2023\/05\/font-enmig-agres-1024x768.jpg 1024w, https:\/\/www.agresnatura.com\/wp-content\/uploads\/2023\/05\/font-enmig-agres-768x576.jpg 768w\" sizes=\"auto, (max-width: 1200px) 100vw, 1200px\" \/><\/a><\/div>[\/vc_column][vc_column width=&#8221;1\/2&#8243;]<div class=\"single_image wpb_content_element align-left    \" data-animation=\"none\" data-delay=\"0\"><a href=\"https:\/\/www.agresnatura.com\/wp-content\/uploads\/2023\/05\/santuari-agres.jpg\" class=\"prettyPhoto\" rel=\"prettyPhoto[image]\"><img loading=\"lazy\" decoding=\"async\" width=\"1200\" height=\"900\" src=\"https:\/\/www.agresnatura.com\/wp-content\/uploads\/2023\/05\/santuari-agres.jpg\" class=\"attachment-full\" alt=\"\" title=\"santuari-agres\" srcset=\"https:\/\/www.agresnatura.com\/wp-content\/uploads\/2023\/05\/santuari-agres.jpg 1200w, https:\/\/www.agresnatura.com\/wp-content\/uploads\/2023\/05\/santuari-agres-600x450.jpg 600w, https:\/\/www.agresnatura.com\/wp-content\/uploads\/2023\/05\/santuari-agres-300x225.jpg 300w, https:\/\/www.agresnatura.com\/wp-content\/uploads\/2023\/05\/santuari-agres-1024x768.jpg 1024w, https:\/\/www.agresnatura.com\/wp-content\/uploads\/2023\/05\/santuari-agres-768x576.jpg 768w\" sizes=\"auto, (max-width: 1200px) 100vw, 1200px\" \/><\/a><\/div>[\/vc_column][\/vc_row][vc_row type=&#8221;full_width_section&#8221; bottom_padding=&#8221;50&#8243;][vc_column width=&#8221;1\/2&#8243;]<div class=\"single_image wpb_content_element align-left    \" data-animation=\"none\" data-delay=\"0\"><a href=\"https:\/\/www.agresnatura.com\/wp-content\/uploads\/2023\/07\/font-assut-agres-ok.jpg\" class=\"prettyPhoto\" rel=\"prettyPhoto[image]\"><img loading=\"lazy\" decoding=\"async\" width=\"1200\" height=\"900\" src=\"https:\/\/www.agresnatura.com\/wp-content\/uploads\/2023\/07\/font-assut-agres-ok.jpg\" class=\"attachment-full\" alt=\"\" title=\"font-assut-agres-ok\" srcset=\"https:\/\/www.agresnatura.com\/wp-content\/uploads\/2023\/07\/font-assut-agres-ok.jpg 1200w, https:\/\/www.agresnatura.com\/wp-content\/uploads\/2023\/07\/font-assut-agres-ok-600x450.jpg 600w, https:\/\/www.agresnatura.com\/wp-content\/uploads\/2023\/07\/font-assut-agres-ok-300x225.jpg 300w, https:\/\/www.agresnatura.com\/wp-content\/uploads\/2023\/07\/font-assut-agres-ok-1024x768.jpg 1024w, https:\/\/www.agresnatura.com\/wp-content\/uploads\/2023\/07\/font-assut-agres-ok-768x576.jpg 768w\" sizes=\"auto, (max-width: 1200px) 100vw, 1200px\" \/><\/a><\/div>[\/vc_column][vc_column width=&#8221;1\/2&#8243;]<div class=\"single_image wpb_content_element align-left    \" data-animation=\"none\" data-delay=\"0\"><a href=\"https:\/\/www.agresnatura.com\/wp-content\/uploads\/2023\/05\/moli-mato-1.jpg\" class=\"prettyPhoto\" rel=\"prettyPhoto[image]\"><img loading=\"lazy\" decoding=\"async\" width=\"1200\" height=\"900\" src=\"https:\/\/www.agresnatura.com\/wp-content\/uploads\/2023\/05\/moli-mato-1.jpg\" class=\"attachment-full\" alt=\"\" title=\"moli-mato\" srcset=\"https:\/\/www.agresnatura.com\/wp-content\/uploads\/2023\/05\/moli-mato-1.jpg 1200w, https:\/\/www.agresnatura.com\/wp-content\/uploads\/2023\/05\/moli-mato-1-600x450.jpg 600w, https:\/\/www.agresnatura.com\/wp-content\/uploads\/2023\/05\/moli-mato-1-300x225.jpg 300w, https:\/\/www.agresnatura.com\/wp-content\/uploads\/2023\/05\/moli-mato-1-1024x768.jpg 1024w, https:\/\/www.agresnatura.com\/wp-content\/uploads\/2023\/05\/moli-mato-1-768x576.jpg 768w\" sizes=\"auto, (max-width: 1200px) 100vw, 1200px\" \/><\/a><\/div>[\/vc_column][\/vc_row][vc_row type=&#8221;full_width_section&#8221; bg_color=&#8221;#dddddd&#8221;][vc_column width=&#8221;2\/3&#8243;]<div class=\"single_image wpb_content_element align-left   image_greyscale \" data-animation=\"none\" data-delay=\"0\"><a href=\"https:\/\/www.agresnatura.com\/wp-content\/uploads\/2023\/04\/agres-slide.jpg\" class=\"prettyPhoto\" rel=\"prettyPhoto[image]\"><img loading=\"lazy\" decoding=\"async\" width=\"1920\" height=\"1080\" src=\"https:\/\/www.agresnatura.com\/wp-content\/uploads\/2023\/04\/agres-slide.jpg\" class=\"attachment-full\" alt=\"\" title=\"agres-slide\" srcset=\"https:\/\/www.agresnatura.com\/wp-content\/uploads\/2023\/04\/agres-slide.jpg 1920w, https:\/\/www.agresnatura.com\/wp-content\/uploads\/2023\/04\/agres-slide-600x338.jpg 600w, https:\/\/www.agresnatura.com\/wp-content\/uploads\/2023\/04\/agres-slide-300x169.jpg 300w, https:\/\/www.agresnatura.com\/wp-content\/uploads\/2023\/04\/agres-slide-1024x576.jpg 1024w, https:\/\/www.agresnatura.com\/wp-content\/uploads\/2023\/04\/agres-slide-768x432.jpg 768w, https:\/\/www.agresnatura.com\/wp-content\/uploads\/2023\/04\/agres-slide-1536x864.jpg 1536w, https:\/\/www.agresnatura.com\/wp-content\/uploads\/2023\/04\/agres-slide-1000x563.jpg 1000w\" sizes=\"auto, (max-width: 1920px) 100vw, 1920px\" \/><\/a><\/div>[\/vc_column][vc_column column_padding=&#8221;padding-3&#8243; column_center=&#8221;true&#8221; width=&#8221;1\/3&#8243;]<div class=\"headline font-inherit fontsize-s fontweight-inherit lh-15 align-left transform-inherit \" style=\"margin: 0 0 0px 0; color: #333333;\">Una visita al nucli urb\u00e0 d\u2019Agres ens descobrir\u00e0 un bon nombre de fonts, ornamentades amb taulells cer\u00e0mics, aix\u00ed com murals cer\u00e0mics religiosos a les fa\u00e7anes de les cases.<\/p>\n<p>Tamb\u00e9 podem acostar-nos al llavador municipal, del segle XIX, un dels m\u00e9s grans que es conserven en la prov\u00edncia d\u2019Alacant. Es un rac\u00f3 preparat per al visitant, on fer una parada relaxant-nos amb el soroll de l\u2019aigua.<\/p>\n<p>Despr\u00e9s de reprendre forces, ens espera la pujada al Santuari de la Mare de D\u00e9u del Castell, l\u2019\u00e0rea recreativa del Mol\u00ed Mat\u00f3, o la ruta de senderisme que ens porta fins a les caves.<\/div>[\/vc_column][\/vc_row]<\/p>\n","protected":false},"excerpt":{"rendered":"<p>[vc_row top_padding=&#8221;60&#8243;][vc_column width=&#8221;1\/6&#8243;][\/vc_column][vc_column width=&#8221;2\/3&#8243;][\/vc_column][vc_column width=&#8221;1\/6&#8243;][\/vc_column][\/vc_row][vc_row type=&#8221;full_width_section&#8221;][vc_column width=&#8221;1\/2&#8243;][\/vc_column][vc_column width=&#8221;1\/2&#8243;][\/vc_column][\/vc_row][vc_row type=&#8221;full_width_section&#8221; bottom_padding=&#8221;50&#8243;][vc_column width=&#8221;1\/2&#8243;][\/vc_column][vc_column width=&#8221;1\/2&#8243;][\/vc_column][\/vc_row][vc_row type=&#8221;full_width_section&#8221; bg_color=&#8221;#dddddd&#8221;][vc_column width=&#8221;2\/3&#8243;][\/vc_column][vc_column column_padding=&#8221;padding-3&#8243; column_center=&#8221;true&#8221; width=&#8221;1\/3&#8243;][\/vc_column][\/vc_row]<\/p>\n","protected":false},"author":1,"featured_media":0,"parent":0,"menu_order":0,"comment_status":"closed","ping_status":"closed","template":"","meta":{"_price":"","_stock":"","_tribe_ticket_header":"","_tribe_default_ticket_provider":"","_tribe_ticket_capacity":"0","_ticket_start_date":"","_ticket_end_date":"","_tribe_ticket_show_description":"","_tribe_ticket_show_not_going":false,"_tribe_ticket_use_global_stock":"","_tribe_ticket_global_stock_level":"","_global_stock_mode":"","_global_stock_cap":"","_tribe_rsvp_for_event":"","_tribe_ticket_going_count":"","_tribe_ticket_not_going_count":"","_tribe_tickets_list":"[]","_tribe_ticket_has_attendee_info_fields":false,"footnotes":""},"class_list":["post-192","page","type-page","status-publish","hentry"],"_links":{"self":[{"href":"https:\/\/www.agresnatura.com\/ca\/wp-json\/wp\/v2\/pages\/192","targetHints":{"allow":["GET"]}}],"collection":[{"href":"https:\/\/www.agresnatura.com\/ca\/wp-json\/wp\/v2\/pages"}],"about":[{"href":"https:\/\/www.agresnatura.com\/ca\/wp-json\/wp\/v2\/types\/page"}],"author":[{"embeddable":true,"href":"https:\/\/www.agresnatura.com\/ca\/wp-json\/wp\/v2\/users\/1"}],"replies":[{"embeddable":true,"href":"https:\/\/www.agresnatura.com\/ca\/wp-json\/wp\/v2\/comments?post=192"}],"version-history":[{"count":35,"href":"https:\/\/www.agresnatura.com\/ca\/wp-json\/wp\/v2\/pages\/192\/revisions"}],"predecessor-version":[{"id":633,"href":"https:\/\/www.agresnatura.com\/ca\/wp-json\/wp\/v2\/pages\/192\/revisions\/633"}],"wp:attachment":[{"href":"https:\/\/www.agresnatura.com\/ca\/wp-json\/wp\/v2\/media?parent=192"}],"curies":[{"name":"wp","href":"https:\/\/api.w.org\/{rel}","templated":true}]}}